{"id":5407,"date":"2025-06-18T07:55:31","date_gmt":"2025-06-18T10:55:31","guid":{"rendered":"https:\/\/afiliado.riohelicopters.com\/?post_type=product&#038;p=5407"},"modified":"2025-06-18T08:00:02","modified_gmt":"2025-06-18T11:00:02","slug":"sem-portas","status":"publish","type":"product","link":"https:\/\/afiliado.riohelicopters.com\/it\/prodotto\/sem-portas\/","title":{"rendered":"Sem Portas"},"content":{"rendered":"<p><strong>Sem Portas &#8211;<\/strong> <strong>Durata:<\/strong> 30 min<\/p>\n<p>Uma experi\u00eancia inesquec\u00edvel de muita beleza, adrenalina e emo\u00e7\u00e3o. Capture fotos e videos incr\u00edveis sobrevoando os locais mais bonitos do Rio de Janeiro, sentindo o vento no rosto a bordo de um helic\u00f3ptero sem portas para aquele perfeito \u201cshoe-selfie\u201d.<\/p>\n<p>Roteiro: Praia Barra da Tijuca, Jo\u00e1, Pedra da G\u00e1vea, Praia de S\u00e3o Conrado, Rocinha, Vidigal, Morro Dois Irm\u00e3os, Praia do Leblon, Praia de Ipanema, Arpoador (p\u00e9s para fora), Forte de Copacabana, vista da Praia de Copacabana, Lagoa Rodrigo de Freitas, Jockey Club, Jardim Bot\u00e2nico, Corcovado e Cristo Redentor (p\u00e9s para fora), Floresta da Tijuca, Lagoas da Barra da Tijuca.<\/p>\n<p>*O roteiro informado inclui os locais vistos ou sobrevoados durante o voo.*<\/p>","protected":false},"excerpt":{"rendered":"<p>Uma experi\u00eancia inesquec\u00edvel de muita beleza, adrenalina e emo\u00e7\u00e3o. Capture fotos e videos incr\u00edveis sobrevoando os locais mais bonitos do Rio de Janeiro, sentindo o vento no rosto a bordo de um helic\u00f3ptero sem portas para aquele perfeito \u201cshoe-selfie\u201d.<\/p>\n<p>&nbsp;<\/p>\n<p>&nbsp;<\/p>\n<p>&nbsp;<\/p>","protected":false},"featured_media":2704,"comment_status":"open","ping_status":"closed","template":"","meta":{"_et_pb_use_builder":"off","_et_pb_old_content":"<p><strong>CLASSIC -<\/strong> <strong>Dura\u00e7\u00e3o:<\/strong> 25 \/ 30 min<\/p><p>Nosso passeio mais popular e com o melhor custo-benef\u00edcio, passando pelos principais pontos tur\u00edsticos do Rio de Janeiro e ficando cara a cara com o Cristo Redentor.<\/p><p><strong>Roteiro: <\/strong><em>Aeroporto de Jacarepagu\u00e1 \/ Praia Barra da Tijuca \/ Pedra da G\u00e1vea \/ S\u00e3o Conrado \/ Rocinha \/ Vidigal \/ Morro Dois Irm\u00e3os \/ Praia do Leblon \/ Praia de Ipanema \/ Arpoador \/ Forte de Copacabana \/ Praia de Copacabana \/ P\u00e3o de A\u00e7ucar \/ Lagoa Rodrigo de Freitas \/ Jockey Club \/ Jardim Bot\u00e2nico \/ Corcovado e Cristo Redentor \/ Floresta da Tijuca \/ Lagoas da Barra da Tijuca \/ Aeroporto de Jacarepagu\u00e1<\/em>\u00a0<\/p>\r\n\r\n<p class=\"preco-pessoa\">1 Pessoa - R$ 1470,00\/pessoa<\/p>\r\n<p class=\"preco-pessoa\">2 Pessoas - R$ 735,00\/pessoa<\/p>\r\n<p class=\"preco-pessoa\">3 ou 4 Pessoas - R$ 590,00\/pessoa<\/p>","_et_gb_content_width":"","inline_featured_image":false},"product_brand":[],"product_cat":[30],"product_tag":[],"class_list":{"0":"post-5407","1":"product","2":"type-product","3":"status-publish","4":"has-post-thumbnail","6":"product_cat-passeios","7":"wcpa_has_options","9":"first","10":"instock","11":"shipping-taxable","12":"purchasable","13":"product-type-variable"},"_links":{"self":[{"href":"https:\/\/afiliado.riohelicopters.com\/it\/wp-json\/wp\/v2\/product\/5407","targetHints":{"allow":["GET"]}}],"collection":[{"href":"https:\/\/afiliado.riohelicopters.com\/it\/wp-json\/wp\/v2\/product"}],"about":[{"href":"https:\/\/afiliado.riohelicopters.com\/it\/wp-json\/wp\/v2\/types\/product"}],"replies":[{"embeddable":true,"href":"https:\/\/afiliado.riohelicopters.com\/it\/wp-json\/wp\/v2\/comments?post=5407"}],"wp:featuredmedia":[{"embeddable":true,"href":"https:\/\/afiliado.riohelicopters.com\/it\/wp-json\/wp\/v2\/media\/2704"}],"wp:attachment":[{"href":"https:\/\/afiliado.riohelicopters.com\/it\/wp-json\/wp\/v2\/media?parent=5407"}],"wp:term":[{"taxonomy":"product_brand","embeddable":true,"href":"https:\/\/afiliado.riohelicopters.com\/it\/wp-json\/wp\/v2\/product_brand?post=5407"},{"taxonomy":"product_cat","embeddable":true,"href":"https:\/\/afiliado.riohelicopters.com\/it\/wp-json\/wp\/v2\/product_cat?post=5407"},{"taxonomy":"product_tag","embeddable":true,"href":"https:\/\/afiliado.riohelicopters.com\/it\/wp-json\/wp\/v2\/product_tag?post=5407"}],"curies":[{"name":"wp","href":"https:\/\/api.w.org\/{rel}","templated":true}]}}