{"id":88,"date":"2020-08-20T20:04:42","date_gmt":"2020-08-20T23:04:42","guid":{"rendered":"https:\/\/afiliado.riohelicopters.com\/?post_type=product&#038;p=88"},"modified":"2025-01-20T15:30:36","modified_gmt":"2025-01-20T18:30:36","slug":"luxo","status":"publish","type":"product","link":"https:\/\/afiliado.riohelicopters.com\/fr\/produit\/luxo\/","title":{"rendered":"Deluxe"},"content":{"rendered":"<p><strong>DELUXE - Dur\u00e9e:<\/strong> 40\/45 min<\/p>\n<p>En plus des principaux sites touristiques et d'\u00eatre face \u00e0 face avec le Christ R\u00e9dempteur, ce survol vous emm\u00e8ne \u00e9galement au stade Maracan\u00e3, avec une vue fantastique sur le stade et la pelouse.<\/p>\n<p><strong>Itin\u00e9raire:<\/strong> <em>Plage de Barra da Tijuca \/ Roche de Gavea \/ Plage de S\u00e3o Conrado \/ Favela de Rocinha \/ Montagne Deux Fr\u00e8res \/ Favela de Vidigal \/ Plage de Leblon \/ Jockey Club \/ Jardin Botanique \/ Lagune \/ Corcovado et Christ R\u00e9dempteur \/ Plage de Ipanema \/ Arpoador \/ Fort de Copacabana \/ Plage de Copacabana \/ Pain de Sucre \/ Baie de Guanabara \/ Niter\u00f3i (MAC) \/ Centre-ville \/ Arches de Lapa \/ Cath\u00e9drale M\u00e9tropolitaine \/ Mus\u00e9e de Demain \/ Boulevard Olympique \/ Aquarium \/ Grande Roue (Yup Star) \/ Sambadrome \/ Stade Maracana \/ Parc National de Tijuca \/ Lagune de Barra da Tijuca\u00a0<\/em><\/p>\n<p><span style=\"text-decoration: underline;\"><strong>Vol Deluxe  (40\/45 min)<\/strong><\/span><\/p>\n<p><strong>Priv\u00e9:<\/strong><\/p>\n<p><strong>avec 3 ou 4 personnes: R$ 1028,00 par personne<\/strong><\/p>\n<p><strong>avec 2 personnes: R$ 1480,00 par personne<\/strong><\/p>\n<p><strong>ou<\/strong><\/p>\n<p><strong>Partag\u00e9: R$ 1398,00 par personne<\/strong><\/p>","protected":false},"excerpt":{"rendered":"<p>En plus des principaux sites touristiques et d'\u00eatre face \u00e0 face avec le Christ R\u00e9dempteur, ce survol vous emm\u00e8ne \u00e9galement au stade Maracan\u00e3, avec une vue fantastique sur le stade et la pelouse.<\/p>","protected":false},"featured_media":960,"comment_status":"open","ping_status":"closed","template":"","meta":{"_et_pb_use_builder":"","_et_pb_old_content":"","_et_gb_content_width":"","inline_featured_image":false},"product_brand":[],"product_cat":[30],"product_tag":[],"class_list":{"0":"post-88","1":"product","2":"type-product","3":"status-publish","4":"has-post-thumbnail","6":"product_cat-passeios","7":"wcpa_has_options","9":"first","10":"instock","11":"shipping-taxable","12":"purchasable","13":"product-type-variable"},"_links":{"self":[{"href":"https:\/\/afiliado.riohelicopters.com\/fr\/wp-json\/wp\/v2\/product\/88","targetHints":{"allow":["GET"]}}],"collection":[{"href":"https:\/\/afiliado.riohelicopters.com\/fr\/wp-json\/wp\/v2\/product"}],"about":[{"href":"https:\/\/afiliado.riohelicopters.com\/fr\/wp-json\/wp\/v2\/types\/product"}],"replies":[{"embeddable":true,"href":"https:\/\/afiliado.riohelicopters.com\/fr\/wp-json\/wp\/v2\/comments?post=88"}],"wp:featuredmedia":[{"embeddable":true,"href":"https:\/\/afiliado.riohelicopters.com\/fr\/wp-json\/wp\/v2\/media\/960"}],"wp:attachment":[{"href":"https:\/\/afiliado.riohelicopters.com\/fr\/wp-json\/wp\/v2\/media?parent=88"}],"wp:term":[{"taxonomy":"product_brand","embeddable":true,"href":"https:\/\/afiliado.riohelicopters.com\/fr\/wp-json\/wp\/v2\/product_brand?post=88"},{"taxonomy":"product_cat","embeddable":true,"href":"https:\/\/afiliado.riohelicopters.com\/fr\/wp-json\/wp\/v2\/product_cat?post=88"},{"taxonomy":"product_tag","embeddable":true,"href":"https:\/\/afiliado.riohelicopters.com\/fr\/wp-json\/wp\/v2\/product_tag?post=88"}],"curies":[{"name":"wp","href":"https:\/\/api.w.org\/{rel}","templated":true}]}}