{"id":36,"date":"2020-08-20T15:44:46","date_gmt":"2020-08-20T18:44:46","guid":{"rendered":"https:\/\/afiliado.riohelicopters.com\/?post_type=product&#038;p=36"},"modified":"2025-01-20T15:25:26","modified_gmt":"2025-01-20T18:25:26","slug":"classic","status":"publish","type":"product","link":"https:\/\/afiliado.riohelicopters.com\/fr\/produit\/classic\/","title":{"rendered":"Classic"},"content":{"rendered":"<p><strong>CLASSIC &#8211;<\/strong> <strong>Dur\u00e9e:<\/strong> 25\/30 min<\/p>\n<p>Le plus demand\u00e9, cet itin\u00e9raire classique survole les c\u00e9l\u00e8bres plages de Rio comme Ipanema et Copacabana jusqu'au Corcovado, face au Christ R\u00e9dempteur et avec une vue sensationnelle sur la ville et le Pain de Sucre. Une exp\u00e9rience inoubliable.<\/p>\n<p><strong>Itin\u00e9raire: <\/strong><em>Plage de Barra da Tijuca \/ Roche de Gavea \/ Plage de S\u00e3o Conrado \/ Favela de Rocinha \/ Montagne Deux Fr\u00e8res \/ Favela de Vidigal \/ Plage de Leblon \/ Plage de Ipanema \/ Arpoador \/ Fort de Copacabana \/ Plage de Copacabana \/ Pain de Sucre \/ Jockey Club \/ Jardin Botanique \/ Lagune \/ Corcovado et Christ R\u00e9dempteur \/ Parc National de Tijuca \/ Lagunes de Barra da Tijuca\u00a0<\/em><\/p>\n<p><strong>Vol Classic  (25\/30 min)<\/strong><\/p>\n<p><strong>Priv\u00e9:<\/strong><\/p>\n<p><strong>avec 3 ou 4 personnes: R$ 690,00 par personne<\/strong><\/p>\n<p><strong>avec 2 personnes: R$ 998,00 par personne<\/strong><\/p>\n<p><strong>ou<\/strong><\/p>\n<p><strong>Partag\u00e9: R$ 948,00 par personne<\/strong><\/p>","protected":false},"excerpt":{"rendered":"<p>Notre circuit le plus populaire \u00e0 destination des meilleurs sites touristiques de Rio. Cet itin\u00e9raire classique de 30 minutes survole les c\u00e9l\u00e8bres plages de Rio, le Corcovado culmine face au Christ R\u00e9dempteur, avec une vue sensationnelle sur la ville et le Pain de Sucre. Une exp\u00e9rience inoubliable.<\/p>\n<p>&nbsp;<\/p>\n<p>&nbsp;<\/p>\n<p>&nbsp;<\/p>","protected":false},"featured_media":2704,"comment_status":"open","ping_status":"closed","template":"","meta":{"_et_pb_use_builder":"off","_et_pb_old_content":"<p><strong>CLASSIC -<\/strong> <strong>Dura\u00e7\u00e3o:<\/strong> 25 \/ 30 min<\/p><p>Nosso passeio mais popular e com o melhor custo-benef\u00edcio, passando pelos principais pontos tur\u00edsticos do Rio de Janeiro e ficando cara a cara com o Cristo Redentor.<\/p><p><strong>Roteiro: <\/strong><em>Aeroporto de Jacarepagu\u00e1 \/ Praia Barra da Tijuca \/ Pedra da G\u00e1vea \/ S\u00e3o Conrado \/ Rocinha \/ Vidigal \/ Morro Dois Irm\u00e3os \/ Praia do Leblon \/ Praia de Ipanema \/ Arpoador \/ Forte de Copacabana \/ Praia de Copacabana \/ P\u00e3o de A\u00e7ucar \/ Lagoa Rodrigo de Freitas \/ Jockey Club \/ Jardim Bot\u00e2nico \/ Corcovado e Cristo Redentor \/ Floresta da Tijuca \/ Lagoas da Barra da Tijuca \/ Aeroporto de Jacarepagu\u00e1<\/em>\u00a0<\/p>\r\n\r\n<p class=\"preco-pessoa\">1 Pessoa - R$ 1470,00\/pessoa<\/p>\r\n<p class=\"preco-pessoa\">2 Pessoas - R$ 735,00\/pessoa<\/p>\r\n<p class=\"preco-pessoa\">3 ou 4 Pessoas - R$ 590,00\/pessoa<\/p>","_et_gb_content_width":"","inline_featured_image":false},"product_brand":[],"product_cat":[30],"product_tag":[],"class_list":{"0":"post-36","1":"product","2":"type-product","3":"status-publish","4":"has-post-thumbnail","6":"product_cat-passeios","7":"wcpa_has_options","9":"first","10":"instock","11":"shipping-taxable","12":"purchasable","13":"product-type-variable"},"_links":{"self":[{"href":"https:\/\/afiliado.riohelicopters.com\/fr\/wp-json\/wp\/v2\/product\/36","targetHints":{"allow":["GET"]}}],"collection":[{"href":"https:\/\/afiliado.riohelicopters.com\/fr\/wp-json\/wp\/v2\/product"}],"about":[{"href":"https:\/\/afiliado.riohelicopters.com\/fr\/wp-json\/wp\/v2\/types\/product"}],"replies":[{"embeddable":true,"href":"https:\/\/afiliado.riohelicopters.com\/fr\/wp-json\/wp\/v2\/comments?post=36"}],"wp:featuredmedia":[{"embeddable":true,"href":"https:\/\/afiliado.riohelicopters.com\/fr\/wp-json\/wp\/v2\/media\/2704"}],"wp:attachment":[{"href":"https:\/\/afiliado.riohelicopters.com\/fr\/wp-json\/wp\/v2\/media?parent=36"}],"wp:term":[{"taxonomy":"product_brand","embeddable":true,"href":"https:\/\/afiliado.riohelicopters.com\/fr\/wp-json\/wp\/v2\/product_brand?post=36"},{"taxonomy":"product_cat","embeddable":true,"href":"https:\/\/afiliado.riohelicopters.com\/fr\/wp-json\/wp\/v2\/product_cat?post=36"},{"taxonomy":"product_tag","embeddable":true,"href":"https:\/\/afiliado.riohelicopters.com\/fr\/wp-json\/wp\/v2\/product_tag?post=36"}],"curies":[{"name":"wp","href":"https:\/\/api.w.org\/{rel}","templated":true}]}}