{"id":2683,"date":"2020-08-19T14:50:52","date_gmt":"2020-08-19T17:50:52","guid":{"rendered":"https:\/\/afiliado.riohelicopters.com\/?post_type=product&#038;p=2683"},"modified":"2025-01-20T15:23:10","modified_gmt":"2025-01-20T18:23:10","slug":"special","status":"publish","type":"product","link":"https:\/\/afiliado.riohelicopters.com\/fr\/produit\/special\/","title":{"rendered":"Special"},"content":{"rendered":"<p>SPECIAL \u2013 Dur\u00e9e: 15\/20 min<\/p>\n<p>Notre vol le plus court qui vous emm\u00e8ne \u00e0 travers les plages jusqu'au Corcovado, pour une exp\u00e9rience inoubliable de voler et d'\u00eatre proche du Christ R\u00e9dempteur.<\/p>\n<p>Itin\u00e9raire: <em>Plage de Barra da Tijuca \/ Roche de Gavea \/ Plage de S\u00e3o Conrado \/ Favela de Rocinha \/ Montagne Deux Fr\u00e8res \/ Favela de Vidigal \/ Plage de Leblon \/ Jockey Club \/ Jardin Botanique \/ Lagune \/ Corcovado et Christ R\u00e9dempteur \/ Parc National de Tijuca \/ Lagunes de Barra da Tijuca\u00a0<\/em><\/p>\n<p><strong><span style=\"text-decoration: underline;\">Vol Special  (15\/20 min)<\/span><\/strong><\/p>\n<p><strong>Priv\u00e9:<\/strong><\/p>\n<p><strong>avec 3 personnes: R$ 590,00 par personne<\/strong><\/p>\n<p><strong>avec 2 personnes: R$ 840,00 par personne<\/strong><\/p>\n<p><strong>ou<\/strong><\/p>\n<p><strong>Partag\u00e9 par personne: R$ 798,00<\/strong><\/p>","protected":false},"excerpt":{"rendered":"<p>Notre vol le plus court qui vous emm\u00e8ne \u00e0 travers les plages jusqu'au Corcovado, pour une exp\u00e9rience inoubliable de voler et d'\u00eatre proche du Christ R\u00e9dempteur.<\/p>","protected":false},"featured_media":2698,"comment_status":"open","ping_status":"closed","template":"","meta":{"_et_pb_use_builder":"","_et_pb_old_content":"","_et_gb_content_width":"","inline_featured_image":false},"product_brand":[],"product_cat":[30],"product_tag":[],"class_list":{"0":"post-2683","1":"product","2":"type-product","3":"status-publish","4":"has-post-thumbnail","6":"product_cat-passeios","7":"wcpa_has_options","9":"first","10":"instock","11":"shipping-taxable","12":"purchasable","13":"product-type-variable"},"_links":{"self":[{"href":"https:\/\/afiliado.riohelicopters.com\/fr\/wp-json\/wp\/v2\/product\/2683","targetHints":{"allow":["GET"]}}],"collection":[{"href":"https:\/\/afiliado.riohelicopters.com\/fr\/wp-json\/wp\/v2\/product"}],"about":[{"href":"https:\/\/afiliado.riohelicopters.com\/fr\/wp-json\/wp\/v2\/types\/product"}],"replies":[{"embeddable":true,"href":"https:\/\/afiliado.riohelicopters.com\/fr\/wp-json\/wp\/v2\/comments?post=2683"}],"wp:featuredmedia":[{"embeddable":true,"href":"https:\/\/afiliado.riohelicopters.com\/fr\/wp-json\/wp\/v2\/media\/2698"}],"wp:attachment":[{"href":"https:\/\/afiliado.riohelicopters.com\/fr\/wp-json\/wp\/v2\/media?parent=2683"}],"wp:term":[{"taxonomy":"product_brand","embeddable":true,"href":"https:\/\/afiliado.riohelicopters.com\/fr\/wp-json\/wp\/v2\/product_brand?post=2683"},{"taxonomy":"product_cat","embeddable":true,"href":"https:\/\/afiliado.riohelicopters.com\/fr\/wp-json\/wp\/v2\/product_cat?post=2683"},{"taxonomy":"product_tag","embeddable":true,"href":"https:\/\/afiliado.riohelicopters.com\/fr\/wp-json\/wp\/v2\/product_tag?post=2683"}],"curies":[{"name":"wp","href":"https:\/\/api.w.org\/{rel}","templated":true}]}}