{"id":150,"date":"2020-08-20T22:37:04","date_gmt":"2020-08-21T01:37:04","guid":{"rendered":"https:\/\/afiliado.riohelicopters.com\/?post_type=product&#038;p=150"},"modified":"2025-01-20T15:21:30","modified_gmt":"2025-01-20T18:21:30","slug":"noturno","status":"publish","type":"product","link":"https:\/\/afiliado.riohelicopters.com\/fr\/produit\/noturno\/","title":{"rendered":"Vol de Nuit"},"content":{"rendered":"<p><strong>VOL DE NUIT - Dur\u00e9e:<\/strong> 25\/30 min<\/p>\n<p>Contrairement aux autres vols, celui-ci vous donne une perspective tr\u00e8s diff\u00e9rente de la ville. Il est tr\u00e8s appr\u00e9ci\u00e9 des romantiques, qui demandent \u00e0 prendre ce vol avant le d\u00eener ou une nuit sp\u00e9ciale. L'heure de d\u00e9part varie selon la p\u00e9riode de l'ann\u00e9e.<\/p>\n<p><strong>Itin\u00e9raire: <\/strong><em>A\u00e9roport de Jacarepagua \/ Plage de Barra da Tijuca \/ Roche de Gavea \/ Plage de S\u00e3o Conrado \/ Rocinha \/ Montagne Deux Fr\u00e8res \/ Vidigal \/ Plage de Leblon \/ Plage de Ipanema \/ Arpoador \/ Fort de Copacabana \/ Plage de Copacabana \/ Pain de Sucre \/ Corcovado et Christ R\u00e9dempteur \/ Jockey Club \/ Jardin Botanique \/ Lagune \/ Parc National de Tijuca \/ Lagune de Barra da Tijuca \/ A\u00e9roport Jacarepagua<\/em><\/p>\n<p style=\"text-align: left;\"><strong>(Temporairement indisponible)<\/strong><\/p>\n<p style=\"text-align: left;\"><span style=\"text-decoration: underline;\"><strong>Vol de Nuit (25\/30 min)<\/strong><\/span><\/p>\n<p><strong>Priv\u00e9:<\/strong><\/p>\n<p><strong>avec 3 or 4 personnes: R$ 1360,00 par personne<\/strong><\/p>\n<p><strong>avec 2 personnes: R$ 1970,00 par personne<\/strong><\/p>\n<p><strong>or<\/strong><\/p>\n<p><strong>Partag\u00e9: R$ 1860,00 par personne<\/strong><\/p>","protected":false},"excerpt":{"rendered":"<p><strong>(Temporairement indisponible)<\/strong><\/p>\n<p>Contrairement aux autres vols, celui-ci vous donne une perspective tr\u00e8s diff\u00e9rente de la ville. Il est tr\u00e8s appr\u00e9ci\u00e9 des romantiques, qui demandent \u00e0 prendre ce vol avant le d\u00eener ou une nuit sp\u00e9ciale. L'heure de d\u00e9part est \u00e0 18h00 hs variant selon la p\u00e9riode de l'ann\u00e9e.<\/p>","protected":false},"featured_media":1265,"comment_status":"open","ping_status":"closed","template":"","meta":{"_et_pb_use_builder":"off","_et_pb_old_content":"<p><strong>NOTURNO - Dura\u00e7\u00e3o:<\/strong> 40 \/ 45 min<\/p><p>Uma perspectiva diferente da cidade e diferente de qualquer outro, este \u00e9 um passeio muito popular com os rom\u00e2nticos que fazem este voo antes de um jantar ou de uma noite especial. O Hor\u00e1rio de partida ir\u00e1 variar, sendo o \u00faltimo hor\u00e1rio de sa\u00edda \u00e0s 19:30. <strong>Roteiro: <\/strong><em>Aeroporto de Jacarepagu\u00e1 \/ Praia Barra da Tijuca \/ Pedra da G\u00e1vea \/ S\u00e3o Conrado \/ Rocinha \/ Vidigal \/ Morro Dois Irm\u00e3os \/ Praia do Leblon \/ Lagoa Rodrigo de Freitas \/ Jockey Club \/ Jardim Bot\u00e2nico \/ Corcovado e Cristo Redentor \/ Praia de Ipanema \/ Arpoador \/ Forte de Copacabana \/ Praia de Copacabana \/ P\u00e3o de A\u00e7\u00facar \/ Ba\u00eda de Guanabara \/ Niter\u00f3i \/ Museu de Arte Contempor\u00e2nea (MAC) \/ Ponte Rio -Niter\u00f3i \/ Centro \/ Arcos da Lapa \/ Catedral Metropolitana \/ Museu do Amanh\u00e3 \/ Boulevard Ol\u00edmpico \/ Samb\u00f3dromo \/ Est\u00e1dio do Maracan\u00e3 \/ Aqu\u00e1rio (Aqua Rio) \/ Floresta da Tijuca \/ Lagoas da Barra da Tijuca \/ Aeroporto de Jacarepagu\u00e1<\/em>\u00a0<\/p>\r\n\r\n<p class=\"preco-pessoa\">1 Pessoa - R$ 2150,00 privativo (ou pe\u00e7a um encaixe)<\/p>\r\n<p class=\"preco-pessoa\">2 Pessoas - R$ 1075,00 p\/p privativo<\/p>\r\n<p class=\"preco-pessoa\">3 ou 4 Pessoas - R$ 825,00 p\/p privativo<\/p>","_et_gb_content_width":"","inline_featured_image":false},"product_brand":[],"product_cat":[30],"product_tag":[],"class_list":{"0":"post-150","1":"product","2":"type-product","3":"status-publish","4":"has-post-thumbnail","6":"product_cat-passeios","7":"wcpa_has_options","9":"first","10":"instock","11":"shipping-taxable","12":"purchasable","13":"product-type-variable"},"_links":{"self":[{"href":"https:\/\/afiliado.riohelicopters.com\/fr\/wp-json\/wp\/v2\/product\/150","targetHints":{"allow":["GET"]}}],"collection":[{"href":"https:\/\/afiliado.riohelicopters.com\/fr\/wp-json\/wp\/v2\/product"}],"about":[{"href":"https:\/\/afiliado.riohelicopters.com\/fr\/wp-json\/wp\/v2\/types\/product"}],"replies":[{"embeddable":true,"href":"https:\/\/afiliado.riohelicopters.com\/fr\/wp-json\/wp\/v2\/comments?post=150"}],"wp:featuredmedia":[{"embeddable":true,"href":"https:\/\/afiliado.riohelicopters.com\/fr\/wp-json\/wp\/v2\/media\/1265"}],"wp:attachment":[{"href":"https:\/\/afiliado.riohelicopters.com\/fr\/wp-json\/wp\/v2\/media?parent=150"}],"wp:term":[{"taxonomy":"product_brand","embeddable":true,"href":"https:\/\/afiliado.riohelicopters.com\/fr\/wp-json\/wp\/v2\/product_brand?post=150"},{"taxonomy":"product_cat","embeddable":true,"href":"https:\/\/afiliado.riohelicopters.com\/fr\/wp-json\/wp\/v2\/product_cat?post=150"},{"taxonomy":"product_tag","embeddable":true,"href":"https:\/\/afiliado.riohelicopters.com\/fr\/wp-json\/wp\/v2\/product_tag?post=150"}],"curies":[{"name":"wp","href":"https:\/\/api.w.org\/{rel}","templated":true}]}}