{"id":145,"date":"2020-08-20T22:35:22","date_gmt":"2020-08-21T01:35:22","guid":{"rendered":"https:\/\/afiliado.riohelicopters.com\/?post_type=product&#038;p=145"},"modified":"2025-01-20T15:26:38","modified_gmt":"2025-01-20T18:26:38","slug":"sunset","status":"publish","type":"product","link":"https:\/\/afiliado.riohelicopters.com\/fr\/produit\/sunset\/","title":{"rendered":"Sunset"},"content":{"rendered":"<p><strong>SUNSET - Dur\u00e9e:<\/strong> 40\/45 min<\/p>\n<p>Une vue \u00e0 couper le souffle sur le coucher du soleil pr\u00e9f\u00e9r\u00e9 des amateurs de photographie, ce vol suit le m\u00eame itin\u00e9raire que le circuit DELUXE, survolant les principaux sites touristiques, notamment Maracan\u00e3 et le Christ R\u00e9dempteur. L'heure de d\u00e9part variera selon la p\u00e9riode de l'ann\u00e9e.<\/p>\n<p><strong>Itin\u00e9raire: <\/strong><em>Plage de Barra da Tijuca \/ Roche de Gavea \/ Plage de S\u00e3o Conrado \/ Favela de Rocinha \/ Montagne Deux Fr\u00e8res \/ Favela de Vidigal \/ Plage de Leblon \/ Jockey Club \/ Jardin Botanique \/ Lagune \/ Corcovado et Christ R\u00e9dempteur \/ Plage de Ipanema \/ Arpoador \/ Fort de Copacabana \/ Plage de Copacabana \/ Pain de Sucre \/ Baie de Guanabara \/ Niter\u00f3i (MAC) \/ Centre-ville \/ Arches de Lapa \/ Cath\u00e9drale M\u00e9tropolitaine \/ Mus\u00e9e de Demain \/ Boulevard Olympique \/ Aquarium \/ Grande Roue (Yup Star) \/ Sambadrome \/ Stade Maracana \/ Parc National de Tijuca \/ Lagune de Barra da Tijuca\u00a0<\/em><\/p>\n<p style=\"text-align: left;\" align=\"center\"><span style=\"text-decoration: underline;\"><strong>Vol Sunset  (40\/45 min)<\/strong><\/span><\/p>\n<p style=\"text-align: left;\" align=\"center\"><strong>Priv\u00e9:<\/strong><\/p>\n<p style=\"text-align: left;\" align=\"center\"><strong> avec 3 ou 4 personnes: R$ 1028,00 par personne<\/strong><\/p>\n<p style=\"text-align: left;\" align=\"center\"><strong>avec 2 personnes: R$ 1480,00 par personne<\/strong><\/p>\n<p style=\"text-align: left;\" align=\"center\"><strong>ou\u00a0 \u00a0 \u00a0<\/strong><\/p>\n<p style=\"text-align: left;\" align=\"center\"><strong>Partag\u00e9: R$ 1398,00 par personne\u00a0 \u00a0 \u00a0 \u00a0 \u00a0 \u00a0<\/strong><\/p>","protected":false},"excerpt":{"rendered":"<p>Une vue \u00e0 couper le souffle sur le coucher du soleil pr\u00e9f\u00e9r\u00e9 des amateurs de photographie, ce vol suit le m\u00eame itin\u00e9raire que le circuit DELUXE, survolant les principaux sites touristiques, notamment Maracan\u00e3 et le Christ R\u00e9dempteur. L'heure de d\u00e9part variera selon la p\u00e9riode de l'ann\u00e9e.<\/p>","protected":false},"featured_media":2711,"comment_status":"open","ping_status":"closed","template":"","meta":{"_et_pb_use_builder":"off","_et_pb_old_content":"<p><strong>SUNSET - Dura\u00e7\u00e3o:<\/strong> 40 \/ 45 min<\/p><p>Com vistas deslumbrantes do p\u00f4r do sol e o preferido pelos apaixonados por fotografia, este voo segue o mesmo roteiro que o voo LUXO, sobrevoando os principais pontos tur\u00edsticos incluindo Maracan\u00e3 e o Cristo Redentor. O Hor\u00e1rio de partida ir\u00e1 variar de acordo com a \u00e9poca do ano.<\/p><p><strong>Roteiro: <\/strong><em>Aeroporto de Jacarepagu\u00e1 \/ Praia Barra da Tijuca \/ Pedra da G\u00e1vea \/ S\u00e3o Conrado \/ Rocinha \/ Vidigal \/ Morro Dois Irm\u00e3os \/ Praia do Leblon \/ Lagoa Rodrigo de Freitas \/ Jockey Club \/ Jardim Bot\u00e2nico \/ Corcovado e Cristo Redentor \/ Praia de Ipanema \/ Arpoador \/ Forte de Copacabana \/ Praia de Copacabana \/ P\u00e3o de A\u00e7\u00facar \/ Ba\u00eda de Guanabara \/ Niter\u00f3i \/ Museu de Arte Contempor\u00e2nea (MAC) \/ Ponte Rio -Niter\u00f3i \/ Centro \/ Arcos da Lapa \/ Catedral Metropolitana \/ Museu do Amanh\u00e3 \/ Boulevard Ol\u00edmpico \/ Samb\u00f3dromo \/ Est\u00e1dio do Maracan\u00e3 \/ Aqu\u00e1rio (Aqua Rio) \/ Floresta da Tijuca \/ Lagoas da Barra da Tijuca \/ Aeroporto de Jacarepagu\u00e1<\/em>\u00a0<\/p>\r\n\r\n<p class=\"preco-pessoa\">1 Pessoa - R$ 2150,00 privativo (ou pe\u00e7a um encaixe)<\/p>\r\n<p class=\"preco-pessoa\">2 Pessoas - R$ 1075,00 p\/p privativo<\/p>\r\n<p class=\"preco-pessoa\">3 ou 4 Pessoas - R$ 825,00 p\/p privativo<\/p>","_et_gb_content_width":"","inline_featured_image":false},"product_brand":[],"product_cat":[30],"product_tag":[],"class_list":{"0":"post-145","1":"product","2":"type-product","3":"status-publish","4":"has-post-thumbnail","6":"product_cat-passeios","7":"wcpa_has_options","9":"first","10":"instock","11":"shipping-taxable","12":"purchasable","13":"product-type-variable"},"_links":{"self":[{"href":"https:\/\/afiliado.riohelicopters.com\/fr\/wp-json\/wp\/v2\/product\/145","targetHints":{"allow":["GET"]}}],"collection":[{"href":"https:\/\/afiliado.riohelicopters.com\/fr\/wp-json\/wp\/v2\/product"}],"about":[{"href":"https:\/\/afiliado.riohelicopters.com\/fr\/wp-json\/wp\/v2\/types\/product"}],"replies":[{"embeddable":true,"href":"https:\/\/afiliado.riohelicopters.com\/fr\/wp-json\/wp\/v2\/comments?post=145"}],"wp:featuredmedia":[{"embeddable":true,"href":"https:\/\/afiliado.riohelicopters.com\/fr\/wp-json\/wp\/v2\/media\/2711"}],"wp:attachment":[{"href":"https:\/\/afiliado.riohelicopters.com\/fr\/wp-json\/wp\/v2\/media?parent=145"}],"wp:term":[{"taxonomy":"product_brand","embeddable":true,"href":"https:\/\/afiliado.riohelicopters.com\/fr\/wp-json\/wp\/v2\/product_brand?post=145"},{"taxonomy":"product_cat","embeddable":true,"href":"https:\/\/afiliado.riohelicopters.com\/fr\/wp-json\/wp\/v2\/product_cat?post=145"},{"taxonomy":"product_tag","embeddable":true,"href":"https:\/\/afiliado.riohelicopters.com\/fr\/wp-json\/wp\/v2\/product_tag?post=145"}],"curies":[{"name":"wp","href":"https:\/\/api.w.org\/{rel}","templated":true}]}}