{"id":133,"date":"2020-08-20T21:33:05","date_gmt":"2020-08-21T00:33:05","guid":{"rendered":"https:\/\/afiliado.riohelicopters.com\/?post_type=product&#038;p=133"},"modified":"2025-01-20T15:27:53","modified_gmt":"2025-01-20T18:27:53","slug":"master","status":"publish","type":"product","link":"https:\/\/afiliado.riohelicopters.com\/fr\/produit\/master\/","title":{"rendered":"Master"},"content":{"rendered":"<p><strong>MASTER - Dur\u00e9e: <\/strong>55\/60 min<\/p>\n<p>Dans cet itin\u00e9raire tr\u00e8s complet, vous visiterez tous les principaux sites touristiques de Rio de Janeiro et irez plus loin, en traversant la Baie de Guanabara jusqu'\u00e0 la ville de Niteroi, en survolant le stade Maracan\u00e3, et bien s\u00fbr en vous retrouvant face \u00e0 face avec le Christ R\u00e9dempteur.<\/p>\n<p><strong>Itin\u00e9raire: <\/strong><em>Plage de Barra da Tijuca \/ Roche de Gavea \/ Plage de S\u00e3o Conrado \/ Favela de Rocinha \/ Montagne Deux Fr\u00e8res \/ Favela de Vidigal \/ Plage de Leblon \/ Plage de Ipanema \/ Arpoador \/ Fort de Copacabana \/ Plage de Copacabana \/ Pain de Sucre \/ Baie de Guanabara \/ Niteroi \/ Mus\u00e9e d'Art Contemporain (MAC) \/ Pont Rio Niteroi \/ Centre-ville \/ Aqueduc de Lapa \/ Cath\u00e9drale M\u00e9tropolitaine \/ Mus\u00e9e de Demain \/ Boulevard Olympique \/ Aquarium \/ Sambadrome \/ Stade Maracana \/ Stade Engenh\u00e3o \/ Corcovado et Christ R\u00e9dempteur \/ Jockey Club \/ Jardin Botanique \/ Lagune \/ Parc National de Tijuca \/ Parc Olympique \/ Lagune de Barra da Tijuca \/ R\u00e9serve \u00c9cologique \/ Recreio dos Bandeirantes \/ Plage de Prainha \/ Plage de Grumari\u00a0<\/em><\/p>\n<p style=\"text-align: left;\" align=\"center\"><span style=\"text-decoration: underline;\"><strong>Vol Master  (55\/60 min)<\/strong><\/span><\/p>\n<p style=\"text-align: left;\" align=\"center\"><strong>Priv\u00e9:<\/strong><\/p>\n<p style=\"text-align: left;\" align=\"center\"><strong>avec 3 or 4 personnes: R$ 1360,00 par personne<\/strong><\/p>\n<p style=\"text-align: left;\" align=\"center\"><strong>avec 2 personnes: R$ 1970,00 par personne<\/strong><\/p>\n<p style=\"text-align: left;\" align=\"center\"><strong>ou\u00a0<\/strong><\/p>\n<p><strong>Partag\u00e9: R$ 1860,00 par personne<\/strong><\/p>","protected":false},"excerpt":{"rendered":"<p>Dans cet itin\u00e9raire tr\u00e8s complet, vous visiterez tous les principaux sites touristiques de Rio de Janeiro et irez plus loin, en traversant la Baie de Guanabara jusqu'\u00e0 la ville de Niteroi, en survolant le stade Maracan\u00e3, et bien s\u00fbr en vous retrouvant face \u00e0 face avec le Christ R\u00e9dempteur.<\/p>","protected":false},"featured_media":1189,"comment_status":"open","ping_status":"closed","template":"","meta":{"_et_pb_use_builder":"off","_et_pb_old_content":"<p><strong>MASTER - Dura\u00e7\u00e3o: <\/strong>55 \/ 60 min<\/p><p>Neste roteiro complet\u00edssimo voc\u00ea visitar\u00e1 todos os principais pontos tur\u00edsticos do Rio de Janeiro e ir\u00e1 muito mais al\u00e9m, cruzando a Ba\u00eda de Guanabara at\u00e9 Niter\u00f3i, sobrevoando o Est\u00e1dio do Maracan\u00e3 e \u00e9 claro ficando cara a cara com o Cristo Redentor.<\/p><p><strong>Roteiro: <\/strong><em>Aeroporto de Jacarepagu\u00e1 \/ Praia Barra da Tijuca \/ Pedra da G\u00e1vea \/ S\u00e3o Conrado \/ Rocinha \/ Vidigal \/ Morro Dois Irm\u00e3os \/ Praia do Leblon \/ Lagoa Rodrigo de Freitas \/ Jockey Club \/ Jardim Bot\u00e2nico \/ Corcovado e Cristo Redentor \/ Praia de Ipanema \/ Arpoador \/ Forte de Copacabana \/ Praia de Copacabana \/ P\u00e3o de A\u00e7\u00facar \/ Ba\u00eda de Guanabara \/ Niter\u00f3i \/ Museu de Arte Contempor\u00e2nea (MAC) \/ Ponte Rio -Niter\u00f3i \/ Centro \/ Arcos da Lapa \/ Catedral Metropolitana \/ Museu do Amanh\u00e3 \/ Boulevard Ol\u00edmpico \/ Samb\u00f3dromo \/ Est\u00e1dio do Maracan\u00e3 \/ Aqu\u00e1rio (Aqua Rio) \/ Floresta da Tijuca \/ Lagoas da Barra da Tijuca \/ Reserva Ecol\u00f3gica \/ Recreio dos Bandeirantes \/ Prainha \/ Praia de Grumari \/ Aeroporto de Jacarepagu\u00e1<\/em>\u00a0<\/p>\r\n\r\n<p class=\"preco-pessoa\">1 Pessoa - R$ 2720,00 privativo (ou pe\u00e7a um encaixe)<\/p>\r\n<p class=\"preco-pessoa\">2 Pessoas - R$ 1360,00 p\/p privativo<\/p>\r\n<p class=\"preco-pessoa\">3 ou 4 Pessoas - R$ 1000,00 p\/p privativo<\/p>","_et_gb_content_width":"","inline_featured_image":false},"product_brand":[],"product_cat":[30],"product_tag":[],"class_list":{"0":"post-133","1":"product","2":"type-product","3":"status-publish","4":"has-post-thumbnail","6":"product_cat-passeios","7":"wcpa_has_options","9":"first","10":"instock","11":"shipping-taxable","12":"purchasable","13":"product-type-variable"},"_links":{"self":[{"href":"https:\/\/afiliado.riohelicopters.com\/fr\/wp-json\/wp\/v2\/product\/133","targetHints":{"allow":["GET"]}}],"collection":[{"href":"https:\/\/afiliado.riohelicopters.com\/fr\/wp-json\/wp\/v2\/product"}],"about":[{"href":"https:\/\/afiliado.riohelicopters.com\/fr\/wp-json\/wp\/v2\/types\/product"}],"replies":[{"embeddable":true,"href":"https:\/\/afiliado.riohelicopters.com\/fr\/wp-json\/wp\/v2\/comments?post=133"}],"wp:featuredmedia":[{"embeddable":true,"href":"https:\/\/afiliado.riohelicopters.com\/fr\/wp-json\/wp\/v2\/media\/1189"}],"wp:attachment":[{"href":"https:\/\/afiliado.riohelicopters.com\/fr\/wp-json\/wp\/v2\/media?parent=133"}],"wp:term":[{"taxonomy":"product_brand","embeddable":true,"href":"https:\/\/afiliado.riohelicopters.com\/fr\/wp-json\/wp\/v2\/product_brand?post=133"},{"taxonomy":"product_cat","embeddable":true,"href":"https:\/\/afiliado.riohelicopters.com\/fr\/wp-json\/wp\/v2\/product_cat?post=133"},{"taxonomy":"product_tag","embeddable":true,"href":"https:\/\/afiliado.riohelicopters.com\/fr\/wp-json\/wp\/v2\/product_tag?post=133"}],"curies":[{"name":"wp","href":"https:\/\/api.w.org\/{rel}","templated":true}]}}