{"id":88,"date":"2020-08-20T20:04:42","date_gmt":"2020-08-20T23:04:42","guid":{"rendered":"https:\/\/afiliado.riohelicopters.com\/?post_type=product&#038;p=88"},"modified":"2025-01-20T15:30:36","modified_gmt":"2025-01-20T18:30:36","slug":"luxo","status":"publish","type":"product","link":"https:\/\/afiliado.riohelicopters.com\/es\/producto\/luxo\/","title":{"rendered":"Deluxe"},"content":{"rendered":"<p><strong>DELUXE - Duraci\u00f3n:<\/strong> 40\/45 min<\/p>\n<p>Adem\u00e1s de sobrevolar los principales lugares tur\u00edsticos y estar cara a cara con el Cristo Redentor, aqu\u00ed la emoci\u00f3n tambi\u00e9n incluye el majestuoso Estadio Maracana con una vista panor\u00e1mica del estadio y el campo.<\/p>\n<p><strong>Ruta:<\/strong> <em>Playa de Barra da Tijuca \/ Roca de Gavea \/ Playa de S\u00e3o Conrado \/ Favela Rocinha \/ Morro Dois Irm\u00e3os \/ Favela Vidigal \/ Playa de Leblon \/ Jockey Club \/ Jard\u00edn Bot\u00e1nico \/ Laguna \/ Corcovado y Cristo Redentor \/ Playa de Ipanema \/ Arpoador \/ Fuerte de Copacabana \/ Playa de Copacabana \/ Pan de Az\u00facar \/ Bah\u00eda de Guanabara \/ Niter\u00f3i (MAC) \/Centro de la Ciudad \/ Arcos Lapa \/ Catedral Metropolitana \/ Museo del Ma\u00f1ana \/ Bulevar Ol\u00edmpico \/ Acuario \/ Gran Rueda (Yup Star) \/ Samb\u00f3dromo \/ Estadio Maracan\u00e1 \/ Parque Nacional Tijuca \/ Lagunas de Barra da Tijuca\u00a0<\/em><\/p>\n<p><span style=\"text-decoration: underline;\"><strong>Vuelo Deluxe  (40\/45 min)<\/strong><\/span><\/p>\n<p><strong>Privado:<\/strong><\/p>\n<p><strong>con 3 o 4 personas: R$ 1028,00 por persona<\/strong><\/p>\n<p><strong>con 2 personas: R$ 1480,00 por persona<\/strong><\/p>\n<p><strong>o<\/strong><\/p>\n<p><strong>Compartido: R$ 1398,00 por persona<\/strong><\/p>","protected":false},"excerpt":{"rendered":"<p>Adem\u00e1s de sobrevolar los principales lugares tur\u00edsticos y estar cara a cara con el Cristo Redentor, aqu\u00ed la emoci\u00f3n tambi\u00e9n incluye el majestuoso Estadio Maracana con una vista panor\u00e1mica del estadio y el campo.<\/p>","protected":false},"featured_media":960,"comment_status":"open","ping_status":"closed","template":"","meta":{"_et_pb_use_builder":"","_et_pb_old_content":"","_et_gb_content_width":"","inline_featured_image":false},"product_brand":[],"product_cat":[30],"product_tag":[],"class_list":{"0":"post-88","1":"product","2":"type-product","3":"status-publish","4":"has-post-thumbnail","6":"product_cat-passeios","7":"wcpa_has_options","9":"first","10":"instock","11":"shipping-taxable","12":"purchasable","13":"product-type-variable"},"_links":{"self":[{"href":"https:\/\/afiliado.riohelicopters.com\/es\/wp-json\/wp\/v2\/product\/88","targetHints":{"allow":["GET"]}}],"collection":[{"href":"https:\/\/afiliado.riohelicopters.com\/es\/wp-json\/wp\/v2\/product"}],"about":[{"href":"https:\/\/afiliado.riohelicopters.com\/es\/wp-json\/wp\/v2\/types\/product"}],"replies":[{"embeddable":true,"href":"https:\/\/afiliado.riohelicopters.com\/es\/wp-json\/wp\/v2\/comments?post=88"}],"wp:featuredmedia":[{"embeddable":true,"href":"https:\/\/afiliado.riohelicopters.com\/es\/wp-json\/wp\/v2\/media\/960"}],"wp:attachment":[{"href":"https:\/\/afiliado.riohelicopters.com\/es\/wp-json\/wp\/v2\/media?parent=88"}],"wp:term":[{"taxonomy":"product_brand","embeddable":true,"href":"https:\/\/afiliado.riohelicopters.com\/es\/wp-json\/wp\/v2\/product_brand?post=88"},{"taxonomy":"product_cat","embeddable":true,"href":"https:\/\/afiliado.riohelicopters.com\/es\/wp-json\/wp\/v2\/product_cat?post=88"},{"taxonomy":"product_tag","embeddable":true,"href":"https:\/\/afiliado.riohelicopters.com\/es\/wp-json\/wp\/v2\/product_tag?post=88"}],"curies":[{"name":"wp","href":"https:\/\/api.w.org\/{rel}","templated":true}]}}