{"id":36,"date":"2020-08-20T15:44:46","date_gmt":"2020-08-20T18:44:46","guid":{"rendered":"https:\/\/afiliado.riohelicopters.com\/?post_type=product&#038;p=36"},"modified":"2025-01-20T15:25:26","modified_gmt":"2025-01-20T18:25:26","slug":"classic","status":"publish","type":"product","link":"https:\/\/afiliado.riohelicopters.com\/es\/producto\/classic\/","title":{"rendered":"Classic"},"content":{"rendered":"<p><strong>CLASSIC &#8211;<\/strong> <strong>Duraci\u00f3n:<\/strong> 25\/30 min<\/p>\n<p>El vuelo m\u00e1s solicitado, esta ruta cl\u00e1sica sobrevuela las famosas playas de R\u00edo como Ipanema y Copacabana hasta Corcovado, cara a cara con el Cristo Redentor y con una vista sensacional de la ciudad y el Pan de Az\u00facar. Una experiencia inolvidable.<\/p>\n<p><strong>Ruta: <\/strong><em>Playa de Barra da Tijuca \/ Roca de Gavea \/ Playa de S\u00e3o Conrado \/ Favela Rocinha \/  Morro Dois Irm\u00e3os \/ Favela Vidigal \/ Playa de Leblon \/ Playa de Ipanema \/ Arpoador \/  Fuerte de Copacabana \/ Playa de Copacabana \/ Pan de Az\u00facar \/ Jockey Club \/ Jard\u00edn Bot\u00e1nico \/ Laguna \/ Corcovado y Cristo Redentor \/ Parque Nacional Tijuca \/ Lagunas de Barra da Tijuca\u00a0<\/em><\/p>\n<p><strong>Vuelo Classic  (25\/30 min)<\/strong><\/p>\n<p><strong>Privado:<\/strong><\/p>\n<p><strong>con 3 o 4 personas: R$ 690,00 por persona<\/strong><\/p>\n<p><strong>con 2 personas: R$ 998,00 por persona<\/strong><\/p>\n<p><strong>o<\/strong><\/p>\n<p><strong>Compartido: R$ 948,00 por person<\/strong><\/p>","protected":false},"excerpt":{"rendered":"<p>Nuestra excursi\u00f3n m\u00e1s popular recorriendo por los mejores lugares tur\u00edsticos de R\u00edo. Este tour cl\u00e1sico de 30 minutos lo lleva por las famosas playas de Rio de Janeiro hasta Corcovado y el encuentro cara a cara con la estatua del Cristo Redentor, con una vista sensacional de la ciudad y el Pan de Az\u00facar.  Una experiencia inolvidable.<\/p>\n<p>&nbsp;<\/p>\n<p>&nbsp;<\/p>\n<p>&nbsp;<\/p>","protected":false},"featured_media":2704,"comment_status":"open","ping_status":"closed","template":"","meta":{"_et_pb_use_builder":"off","_et_pb_old_content":"<p><strong>CLASSIC -<\/strong> <strong>Dura\u00e7\u00e3o:<\/strong> 25 \/ 30 min<\/p><p>Nosso passeio mais popular e com o melhor custo-benef\u00edcio, passando pelos principais pontos tur\u00edsticos do Rio de Janeiro e ficando cara a cara com o Cristo Redentor.<\/p><p><strong>Roteiro: <\/strong><em>Aeroporto de Jacarepagu\u00e1 \/ Praia Barra da Tijuca \/ Pedra da G\u00e1vea \/ S\u00e3o Conrado \/ Rocinha \/ Vidigal \/ Morro Dois Irm\u00e3os \/ Praia do Leblon \/ Praia de Ipanema \/ Arpoador \/ Forte de Copacabana \/ Praia de Copacabana \/ P\u00e3o de A\u00e7ucar \/ Lagoa Rodrigo de Freitas \/ Jockey Club \/ Jardim Bot\u00e2nico \/ Corcovado e Cristo Redentor \/ Floresta da Tijuca \/ Lagoas da Barra da Tijuca \/ Aeroporto de Jacarepagu\u00e1<\/em>\u00a0<\/p>\r\n\r\n<p class=\"preco-pessoa\">1 Pessoa - R$ 1470,00\/pessoa<\/p>\r\n<p class=\"preco-pessoa\">2 Pessoas - R$ 735,00\/pessoa<\/p>\r\n<p class=\"preco-pessoa\">3 ou 4 Pessoas - R$ 590,00\/pessoa<\/p>","_et_gb_content_width":"","inline_featured_image":false},"product_brand":[],"product_cat":[30],"product_tag":[],"class_list":{"0":"post-36","1":"product","2":"type-product","3":"status-publish","4":"has-post-thumbnail","6":"product_cat-passeios","7":"wcpa_has_options","9":"first","10":"instock","11":"shipping-taxable","12":"purchasable","13":"product-type-variable"},"_links":{"self":[{"href":"https:\/\/afiliado.riohelicopters.com\/es\/wp-json\/wp\/v2\/product\/36","targetHints":{"allow":["GET"]}}],"collection":[{"href":"https:\/\/afiliado.riohelicopters.com\/es\/wp-json\/wp\/v2\/product"}],"about":[{"href":"https:\/\/afiliado.riohelicopters.com\/es\/wp-json\/wp\/v2\/types\/product"}],"replies":[{"embeddable":true,"href":"https:\/\/afiliado.riohelicopters.com\/es\/wp-json\/wp\/v2\/comments?post=36"}],"wp:featuredmedia":[{"embeddable":true,"href":"https:\/\/afiliado.riohelicopters.com\/es\/wp-json\/wp\/v2\/media\/2704"}],"wp:attachment":[{"href":"https:\/\/afiliado.riohelicopters.com\/es\/wp-json\/wp\/v2\/media?parent=36"}],"wp:term":[{"taxonomy":"product_brand","embeddable":true,"href":"https:\/\/afiliado.riohelicopters.com\/es\/wp-json\/wp\/v2\/product_brand?post=36"},{"taxonomy":"product_cat","embeddable":true,"href":"https:\/\/afiliado.riohelicopters.com\/es\/wp-json\/wp\/v2\/product_cat?post=36"},{"taxonomy":"product_tag","embeddable":true,"href":"https:\/\/afiliado.riohelicopters.com\/es\/wp-json\/wp\/v2\/product_tag?post=36"}],"curies":[{"name":"wp","href":"https:\/\/api.w.org\/{rel}","templated":true}]}}