{"id":150,"date":"2020-08-20T22:37:04","date_gmt":"2020-08-21T01:37:04","guid":{"rendered":"https:\/\/afiliado.riohelicopters.com\/?post_type=product&#038;p=150"},"modified":"2025-01-20T15:21:30","modified_gmt":"2025-01-20T18:21:30","slug":"noturno","status":"publish","type":"product","link":"https:\/\/afiliado.riohelicopters.com\/es\/producto\/noturno\/","title":{"rendered":"Vuelo Nocturno"},"content":{"rendered":"<p><strong>VUELO NOCTURNO - Duraci\u00f3n:<\/strong> 25\/30 min<\/p>\n<p>Con una perspectiva diferente de la ciudad y diferente a cualquier otro, este es un tour muy popular entre los rom\u00e1nticos que toman este vuelo antes de la cena o en una noche especial. La hora de salida puede variar seg\u00fan la \u00e9poca del a\u00f1o.<\/p>\n<p><strong>Ruta: <\/strong><em>Aeropuerto de Jacarepagua \/ Playa de Barra da Tijuca \/ Roca de Gavea \/ Playa de S\u00e3o Conrado \/ Rocinha \/ Morro Dois Irm\u00e3os \/ Vidigal \/ Playa de Leblon \/ Playa de Ipanema \/ Arpoador \/ Fuerte de Copacabana \/ Playa de Copacabana \/ Pan de Az\u00facar \/ Bah\u00eda de  Guanabara \/ Niteroi \/ Museo de Arte Contempor\u00e1neo (MAC) \/ Puente R\u00edo Niteroi \/ Centro de la Ciudad \/ Arcos de Lapa \/ Catedral Metropolitana \/ Museo del Ma\u00f1ana \/ Bulevar Ol\u00edmpico \/ Acuario \/ Samb\u00f3dromo \/ Estadio Maracan\u00e1 \/ Estadio Engenh\u00e3o \/ Corcovado y Cristo Redentor \/ Jockey Club \/ Jard\u00edn Bot\u00e1nico \/ Laguna \/ Parque Nacional Tijuca \/ Parque Ol\u00edmpico \/ Lagunas de Barra da Tijuca \/ Aeropuerto de Jacarepagua<\/em><\/p>\n<p style=\"text-align: left;\"><strong>(Temporalmente no disponible)<\/strong><\/p>\n<p style=\"text-align: left;\"><span style=\"text-decoration: underline;\"><strong>Vuelo Nocturno (25\/30 min)<\/strong><\/span><\/p>\n<p><strong>Privado:<\/strong><\/p>\n<p><strong>con 3 o 4 personas: R$ 1360,00 por persona<\/strong><\/p>\n<p><strong>con 2 personas: R$ 1970,00 por persona<\/strong><\/p>\n<p><strong>or<\/strong><\/p>\n<p><strong>Compartido: R$ 1860,00 por persona<\/strong><\/p>","protected":false},"excerpt":{"rendered":"<p><strong>(Temporalmente no disponible)<\/strong><\/p>\n<p>Con una perspectiva diferente de la ciudad y diferente a cualquier otro, este es un tour muy popular entre los rom\u00e1nticos que toman este vuelo antes de la cena o en una noche especial. La hora de salida es a las 18:00 hs variando seg\u00fan la \u00e9poca del a\u00f1o.<\/p>","protected":false},"featured_media":1265,"comment_status":"open","ping_status":"closed","template":"","meta":{"_et_pb_use_builder":"off","_et_pb_old_content":"<p><strong>NOTURNO - Dura\u00e7\u00e3o:<\/strong> 40 \/ 45 min<\/p><p>Uma perspectiva diferente da cidade e diferente de qualquer outro, este \u00e9 um passeio muito popular com os rom\u00e2nticos que fazem este voo antes de um jantar ou de uma noite especial. O Hor\u00e1rio de partida ir\u00e1 variar, sendo o \u00faltimo hor\u00e1rio de sa\u00edda \u00e0s 19:30. <strong>Roteiro: <\/strong><em>Aeroporto de Jacarepagu\u00e1 \/ Praia Barra da Tijuca \/ Pedra da G\u00e1vea \/ S\u00e3o Conrado \/ Rocinha \/ Vidigal \/ Morro Dois Irm\u00e3os \/ Praia do Leblon \/ Lagoa Rodrigo de Freitas \/ Jockey Club \/ Jardim Bot\u00e2nico \/ Corcovado e Cristo Redentor \/ Praia de Ipanema \/ Arpoador \/ Forte de Copacabana \/ Praia de Copacabana \/ P\u00e3o de A\u00e7\u00facar \/ Ba\u00eda de Guanabara \/ Niter\u00f3i \/ Museu de Arte Contempor\u00e2nea (MAC) \/ Ponte Rio -Niter\u00f3i \/ Centro \/ Arcos da Lapa \/ Catedral Metropolitana \/ Museu do Amanh\u00e3 \/ Boulevard Ol\u00edmpico \/ Samb\u00f3dromo \/ Est\u00e1dio do Maracan\u00e3 \/ Aqu\u00e1rio (Aqua Rio) \/ Floresta da Tijuca \/ Lagoas da Barra da Tijuca \/ Aeroporto de Jacarepagu\u00e1<\/em>\u00a0<\/p>\r\n\r\n<p class=\"preco-pessoa\">1 Pessoa - R$ 2150,00 privativo (ou pe\u00e7a um encaixe)<\/p>\r\n<p class=\"preco-pessoa\">2 Pessoas - R$ 1075,00 p\/p privativo<\/p>\r\n<p class=\"preco-pessoa\">3 ou 4 Pessoas - R$ 825,00 p\/p privativo<\/p>","_et_gb_content_width":"","inline_featured_image":false},"product_brand":[],"product_cat":[30],"product_tag":[],"class_list":{"0":"post-150","1":"product","2":"type-product","3":"status-publish","4":"has-post-thumbnail","6":"product_cat-passeios","7":"wcpa_has_options","9":"first","10":"instock","11":"shipping-taxable","12":"purchasable","13":"product-type-variable"},"_links":{"self":[{"href":"https:\/\/afiliado.riohelicopters.com\/es\/wp-json\/wp\/v2\/product\/150","targetHints":{"allow":["GET"]}}],"collection":[{"href":"https:\/\/afiliado.riohelicopters.com\/es\/wp-json\/wp\/v2\/product"}],"about":[{"href":"https:\/\/afiliado.riohelicopters.com\/es\/wp-json\/wp\/v2\/types\/product"}],"replies":[{"embeddable":true,"href":"https:\/\/afiliado.riohelicopters.com\/es\/wp-json\/wp\/v2\/comments?post=150"}],"wp:featuredmedia":[{"embeddable":true,"href":"https:\/\/afiliado.riohelicopters.com\/es\/wp-json\/wp\/v2\/media\/1265"}],"wp:attachment":[{"href":"https:\/\/afiliado.riohelicopters.com\/es\/wp-json\/wp\/v2\/media?parent=150"}],"wp:term":[{"taxonomy":"product_brand","embeddable":true,"href":"https:\/\/afiliado.riohelicopters.com\/es\/wp-json\/wp\/v2\/product_brand?post=150"},{"taxonomy":"product_cat","embeddable":true,"href":"https:\/\/afiliado.riohelicopters.com\/es\/wp-json\/wp\/v2\/product_cat?post=150"},{"taxonomy":"product_tag","embeddable":true,"href":"https:\/\/afiliado.riohelicopters.com\/es\/wp-json\/wp\/v2\/product_tag?post=150"}],"curies":[{"name":"wp","href":"https:\/\/api.w.org\/{rel}","templated":true}]}}