{"id":145,"date":"2020-08-20T22:35:22","date_gmt":"2020-08-21T01:35:22","guid":{"rendered":"https:\/\/afiliado.riohelicopters.com\/?post_type=product&#038;p=145"},"modified":"2025-01-20T15:26:38","modified_gmt":"2025-01-20T18:26:38","slug":"sunset","status":"publish","type":"product","link":"https:\/\/afiliado.riohelicopters.com\/es\/producto\/sunset\/","title":{"rendered":"Sunset"},"content":{"rendered":"<p><strong>SUNSET - Duraci\u00f3n:<\/strong> 40\/45 min<\/p>\n<p>Con impresionantes vistas de la puesta de sol y las preferidas por los entusiastas de la fotograf\u00eda, este vuelo sigue la misma ruta que el tour DELUXE, sobrevolando los principales lugares tur\u00edsticos como Maracana y el Cristo Redentor. La hora de salida variar\u00e1 seg\u00fan la \u00e9poca del a\u00f1o.<\/p>\n<p><strong>Ruta: <\/strong><em>Playa de Barra da Tijuca \/ Roca de Gavea \/ Playa de S\u00e3o Conrado \/ Favela Rocinha \/ Morro Dois Irm\u00e3os \/ Favela Vidigal \/ Playa de Leblon \/ Jockey Club \/ Jard\u00edn Bot\u00e1nico \/ Laguna \/ Corcovado y Cristo Redentor \/ Playa de Ipanema \/ Arpoador \/ Fuerte de Copacabana \/ Playa de Copacabana \/ Pan de Az\u00facar \/ Bah\u00eda de Guanabara \/ Niter\u00f3i (MAC) \/Centro de la Ciudad \/ Arcos Lapa \/ Catedral Metropolitana \/ Museo del Ma\u00f1ana \/ Bulevar Ol\u00edmpico \/ Acuario \/ Gran Rueda (Yup Star) \/ Samb\u00f3dromo \/ Estadio Maracan\u00e1 \/ Parque Nacional Tijuca \/ Lagunas de Barra da Tijuca\u00a0<\/em><\/p>\n<p style=\"text-align: left;\" align=\"center\"><span style=\"text-decoration: underline;\"><strong>Vuelo Sunset  (40\/45 min)<\/strong><\/span><\/p>\n<p style=\"text-align: left;\" align=\"center\"><strong>Privado:<\/strong><\/p>\n<p style=\"text-align: left;\" align=\"center\"><strong> con 3 o 4 personas: R$ 1028,00 por persona<\/strong><\/p>\n<p style=\"text-align: left;\" align=\"center\"><strong>con 2 personas: R$ 1480,00 por persona<\/strong><\/p>\n<p style=\"text-align: left;\" align=\"center\"><strong>o\u00a0 \u00a0 \u00a0<\/strong><\/p>\n<p style=\"text-align: left;\" align=\"center\"><strong>Compartido: R$ 1398,00 por persona\u00a0 \u00a0 \u00a0 \u00a0 \u00a0 \u00a0<\/strong><\/p>","protected":false},"excerpt":{"rendered":"<p>Con impresionantes vistas de la puesta de sol y las preferidas por los entusiastas de la fotograf\u00eda, este vuelo sigue la misma ruta que el tour DELUXE, sobrevolando los principales lugares tur\u00edsticos como Maracana y el Cristo Redentor. La hora de salida variar\u00e1 seg\u00fan la \u00e9poca del a\u00f1o.<\/p>","protected":false},"featured_media":2711,"comment_status":"open","ping_status":"closed","template":"","meta":{"_et_pb_use_builder":"off","_et_pb_old_content":"<p><strong>SUNSET - Dura\u00e7\u00e3o:<\/strong> 40 \/ 45 min<\/p><p>Com vistas deslumbrantes do p\u00f4r do sol e o preferido pelos apaixonados por fotografia, este voo segue o mesmo roteiro que o voo LUXO, sobrevoando os principais pontos tur\u00edsticos incluindo Maracan\u00e3 e o Cristo Redentor. O Hor\u00e1rio de partida ir\u00e1 variar de acordo com a \u00e9poca do ano.<\/p><p><strong>Roteiro: <\/strong><em>Aeroporto de Jacarepagu\u00e1 \/ Praia Barra da Tijuca \/ Pedra da G\u00e1vea \/ S\u00e3o Conrado \/ Rocinha \/ Vidigal \/ Morro Dois Irm\u00e3os \/ Praia do Leblon \/ Lagoa Rodrigo de Freitas \/ Jockey Club \/ Jardim Bot\u00e2nico \/ Corcovado e Cristo Redentor \/ Praia de Ipanema \/ Arpoador \/ Forte de Copacabana \/ Praia de Copacabana \/ P\u00e3o de A\u00e7\u00facar \/ Ba\u00eda de Guanabara \/ Niter\u00f3i \/ Museu de Arte Contempor\u00e2nea (MAC) \/ Ponte Rio -Niter\u00f3i \/ Centro \/ Arcos da Lapa \/ Catedral Metropolitana \/ Museu do Amanh\u00e3 \/ Boulevard Ol\u00edmpico \/ Samb\u00f3dromo \/ Est\u00e1dio do Maracan\u00e3 \/ Aqu\u00e1rio (Aqua Rio) \/ Floresta da Tijuca \/ Lagoas da Barra da Tijuca \/ Aeroporto de Jacarepagu\u00e1<\/em>\u00a0<\/p>\r\n\r\n<p class=\"preco-pessoa\">1 Pessoa - R$ 2150,00 privativo (ou pe\u00e7a um encaixe)<\/p>\r\n<p class=\"preco-pessoa\">2 Pessoas - R$ 1075,00 p\/p privativo<\/p>\r\n<p class=\"preco-pessoa\">3 ou 4 Pessoas - R$ 825,00 p\/p privativo<\/p>","_et_gb_content_width":"","inline_featured_image":false},"product_brand":[],"product_cat":[30],"product_tag":[],"class_list":{"0":"post-145","1":"product","2":"type-product","3":"status-publish","4":"has-post-thumbnail","6":"product_cat-passeios","7":"wcpa_has_options","9":"first","10":"instock","11":"shipping-taxable","12":"purchasable","13":"product-type-variable"},"_links":{"self":[{"href":"https:\/\/afiliado.riohelicopters.com\/es\/wp-json\/wp\/v2\/product\/145","targetHints":{"allow":["GET"]}}],"collection":[{"href":"https:\/\/afiliado.riohelicopters.com\/es\/wp-json\/wp\/v2\/product"}],"about":[{"href":"https:\/\/afiliado.riohelicopters.com\/es\/wp-json\/wp\/v2\/types\/product"}],"replies":[{"embeddable":true,"href":"https:\/\/afiliado.riohelicopters.com\/es\/wp-json\/wp\/v2\/comments?post=145"}],"wp:featuredmedia":[{"embeddable":true,"href":"https:\/\/afiliado.riohelicopters.com\/es\/wp-json\/wp\/v2\/media\/2711"}],"wp:attachment":[{"href":"https:\/\/afiliado.riohelicopters.com\/es\/wp-json\/wp\/v2\/media?parent=145"}],"wp:term":[{"taxonomy":"product_brand","embeddable":true,"href":"https:\/\/afiliado.riohelicopters.com\/es\/wp-json\/wp\/v2\/product_brand?post=145"},{"taxonomy":"product_cat","embeddable":true,"href":"https:\/\/afiliado.riohelicopters.com\/es\/wp-json\/wp\/v2\/product_cat?post=145"},{"taxonomy":"product_tag","embeddable":true,"href":"https:\/\/afiliado.riohelicopters.com\/es\/wp-json\/wp\/v2\/product_tag?post=145"}],"curies":[{"name":"wp","href":"https:\/\/api.w.org\/{rel}","templated":true}]}}