{"id":145,"date":"2020-08-20T22:35:22","date_gmt":"2020-08-21T01:35:22","guid":{"rendered":"https:\/\/afiliado.riohelicopters.com\/?post_type=product&#038;p=145"},"modified":"2025-01-20T15:26:38","modified_gmt":"2025-01-20T18:26:38","slug":"sunset","status":"publish","type":"product","link":"https:\/\/afiliado.riohelicopters.com\/en\/product\/sunset\/","title":{"rendered":"Sunset"},"content":{"rendered":"<p><strong>SUNSET - Duration:<\/strong> 40\/45 min<\/p>\n<p>With breath-taking views of the sunset and the preferred by photography enthusiasts, this flight follows the same route as the DELUXE tour, flying over the main sights including Maracan\u00e3 and Christ Redeemer. Departure time will vary according to the time of year.<\/p>\n<p><strong>Route: <\/strong><em>Barra da Tijuca Beach \/ Gavea Rock \/ S\u00e3o Conrado Beach \/ Rocinha \/ Two Brothers Mt. \/ Vidigal \/ Leblon Beach \/ Jockey Club \/ Botanical Garden \/ Lagoon \/ Corcovado &amp; Christ the Redeemer \/ Ipanema Beach \/ Arpoador \/ Copacabana Fort \/ Copacabana Beach \/ Sugar Loaf Mt. \/ Guanabara Bay \/ City Center \/ Niter\u00f3i \/ Lapa Arches \/ Metropolitan Cathedral \/ Museum of Tomorrow \/ Olympic Boulevard \/ Aquarium \/ Ferris Wheel (Yup Star) \/ Sambadrome \/ Maracana Stadium \/ Tijuca National Park \/ Barra da Tijuca Lagoons\u00a0<\/em><\/p>\n<p style=\"text-align: left;\" align=\"center\"><span style=\"text-decoration: underline;\"><strong>Sunset Flight  (40\/45 min)<\/strong><\/span><\/p>\n<p style=\"text-align: left;\" align=\"center\"><strong>Private:<\/strong><\/p>\n<p style=\"text-align: left;\" align=\"center\"><strong> with 3 or 4 people: R$ 1028,00 per person<\/strong><\/p>\n<p style=\"text-align: left;\" align=\"center\"><strong>with 2 people: R$ 1480,00 per person<\/strong><\/p>\n<p style=\"text-align: left;\" align=\"center\"><strong>or\u00a0 \u00a0 \u00a0<\/strong><\/p>\n<p style=\"text-align: left;\" align=\"center\"><strong>Shared: R$ 1398,00 per person\u00a0 \u00a0 \u00a0 \u00a0 \u00a0 \u00a0<\/strong><\/p>","protected":false},"excerpt":{"rendered":"<p>With breath-taking views of the sunset and the preferred by photography enthusiasts, this flight follows the same route as the DELUXE tour, flying over the main sights including Maracan\u00e3 and Christ Redeemer. Departure time will vary according to the time of year.<\/p>","protected":false},"featured_media":2711,"comment_status":"open","ping_status":"closed","template":"","meta":{"_et_pb_use_builder":"off","_et_pb_old_content":"<p><strong>SUNSET - Dura\u00e7\u00e3o:<\/strong> 40 \/ 45 min<\/p><p>Com vistas deslumbrantes do p\u00f4r do sol e o preferido pelos apaixonados por fotografia, este voo segue o mesmo roteiro que o voo LUXO, sobrevoando os principais pontos tur\u00edsticos incluindo Maracan\u00e3 e o Cristo Redentor. O Hor\u00e1rio de partida ir\u00e1 variar de acordo com a \u00e9poca do ano.<\/p><p><strong>Roteiro: <\/strong><em>Aeroporto de Jacarepagu\u00e1 \/ Praia Barra da Tijuca \/ Pedra da G\u00e1vea \/ S\u00e3o Conrado \/ Rocinha \/ Vidigal \/ Morro Dois Irm\u00e3os \/ Praia do Leblon \/ Lagoa Rodrigo de Freitas \/ Jockey Club \/ Jardim Bot\u00e2nico \/ Corcovado e Cristo Redentor \/ Praia de Ipanema \/ Arpoador \/ Forte de Copacabana \/ Praia de Copacabana \/ P\u00e3o de A\u00e7\u00facar \/ Ba\u00eda de Guanabara \/ Niter\u00f3i \/ Museu de Arte Contempor\u00e2nea (MAC) \/ Ponte Rio -Niter\u00f3i \/ Centro \/ Arcos da Lapa \/ Catedral Metropolitana \/ Museu do Amanh\u00e3 \/ Boulevard Ol\u00edmpico \/ Samb\u00f3dromo \/ Est\u00e1dio do Maracan\u00e3 \/ Aqu\u00e1rio (Aqua Rio) \/ Floresta da Tijuca \/ Lagoas da Barra da Tijuca \/ Aeroporto de Jacarepagu\u00e1<\/em>\u00a0<\/p>\r\n\r\n<p class=\"preco-pessoa\">1 Pessoa - R$ 2150,00 privativo (ou pe\u00e7a um encaixe)<\/p>\r\n<p class=\"preco-pessoa\">2 Pessoas - R$ 1075,00 p\/p privativo<\/p>\r\n<p class=\"preco-pessoa\">3 ou 4 Pessoas - R$ 825,00 p\/p privativo<\/p>","_et_gb_content_width":"","inline_featured_image":false},"product_brand":[],"product_cat":[30],"product_tag":[],"class_list":{"0":"post-145","1":"product","2":"type-product","3":"status-publish","4":"has-post-thumbnail","6":"product_cat-passeios","7":"wcpa_has_options","9":"first","10":"instock","11":"shipping-taxable","12":"purchasable","13":"product-type-variable"},"_links":{"self":[{"href":"https:\/\/afiliado.riohelicopters.com\/en\/wp-json\/wp\/v2\/product\/145","targetHints":{"allow":["GET"]}}],"collection":[{"href":"https:\/\/afiliado.riohelicopters.com\/en\/wp-json\/wp\/v2\/product"}],"about":[{"href":"https:\/\/afiliado.riohelicopters.com\/en\/wp-json\/wp\/v2\/types\/product"}],"replies":[{"embeddable":true,"href":"https:\/\/afiliado.riohelicopters.com\/en\/wp-json\/wp\/v2\/comments?post=145"}],"wp:featuredmedia":[{"embeddable":true,"href":"https:\/\/afiliado.riohelicopters.com\/en\/wp-json\/wp\/v2\/media\/2711"}],"wp:attachment":[{"href":"https:\/\/afiliado.riohelicopters.com\/en\/wp-json\/wp\/v2\/media?parent=145"}],"wp:term":[{"taxonomy":"product_brand","embeddable":true,"href":"https:\/\/afiliado.riohelicopters.com\/en\/wp-json\/wp\/v2\/product_brand?post=145"},{"taxonomy":"product_cat","embeddable":true,"href":"https:\/\/afiliado.riohelicopters.com\/en\/wp-json\/wp\/v2\/product_cat?post=145"},{"taxonomy":"product_tag","embeddable":true,"href":"https:\/\/afiliado.riohelicopters.com\/en\/wp-json\/wp\/v2\/product_tag?post=145"}],"curies":[{"name":"wp","href":"https:\/\/api.w.org\/{rel}","templated":true}]}}